{"id":10,"date":"2021-01-18T05:01:38","date_gmt":"2021-01-18T05:01:38","guid":{"rendered":"https:\/\/elipsplastics.com\/?page_id=10"},"modified":"2024-07-25T14:36:15","modified_gmt":"2024-07-25T14:36:15","slug":"elips-homepage","status":"publish","type":"page","link":"https:\/\/elipsplastics.com\/fr\/","title":{"rendered":"Accueil"},"content":{"rendered":"","protected":false},"excerpt":{"rendered":"","protected":false},"author":5,"featured_media":0,"parent":0,"menu_order":0,"comment_status":"closed","ping_status":"closed","template":"front-page.php","meta":{"footnotes":""},"class_list":["post-10","page","type-page","status-publish","hentry"],"yoast_head":"<!-- This site is optimized with the Yoast SEO plugin v26.7 - https:\/\/yoast.com\/wordpress\/plugins\/seo\/ -->\n<title>Elips | Le plastique repens\u00e9<\/title>\n<meta name=\"description\" content=\"Elips est une entreprise pionni\u00e8re dans la conception et la fabrication d\u2019emballages alimentaires. Tous nos contenants alimentaires sont moul\u00e9s par un proc\u00e9d\u00e9 d\u2019injection, et sont 100 % r\u00e9utilisables et recyclables.\" \/>\n<meta name=\"robots\" content=\"index, follow, max-snippet:-1, max-image-preview:large, max-video-preview:-1\" \/>\n<link rel=\"canonical\" href=\"https:\/\/elipsplastics.com\/fr\/\" \/>\n<meta property=\"og:locale\" content=\"fr_FR\" \/>\n<meta property=\"og:type\" content=\"article\" \/>\n<meta property=\"og:title\" content=\"Elips | Le plastique repens\u00e9\" \/>\n<meta property=\"og:description\" content=\"Elips est une entreprise pionni\u00e8re dans la conception et la fabrication d\u2019emballages alimentaires. Tous nos contenants alimentaires sont moul\u00e9s par un proc\u00e9d\u00e9 d\u2019injection, et sont 100 % r\u00e9utilisables et recyclables.\" \/>\n<meta property=\"og:url\" content=\"https:\/\/elipsplastics.com\/fr\/\" \/>\n<meta property=\"og:site_name\" content=\"elips - Le plastique repens\u00e9\" \/>\n<meta property=\"article:publisher\" content=\"https:\/\/www.facebook.com\/Elipsplastics\" \/>\n<meta property=\"article:modified_time\" content=\"2024-07-25T14:36:15+00:00\" \/>\n<meta name=\"twitter:card\" content=\"summary_large_image\" \/>\n<script type=\"application\/ld+json\" class=\"yoast-schema-graph\">{\"@context\":\"https:\/\/schema.org\",\"@graph\":[{\"@type\":\"WebPage\",\"@id\":\"https:\/\/elipsplastics.com\/fr\/\",\"url\":\"https:\/\/elipsplastics.com\/fr\/\",\"name\":\"Elips | Le plastique repens\u00e9\",\"isPartOf\":{\"@id\":\"https:\/\/elipsplastics.com\/fr\/#website\"},\"datePublished\":\"2021-01-18T05:01:38+00:00\",\"dateModified\":\"2024-07-25T14:36:15+00:00\",\"description\":\"Elips est une entreprise pionni\u00e8re dans la conception et la fabrication d\u2019emballages alimentaires. Tous nos contenants alimentaires sont moul\u00e9s par un proc\u00e9d\u00e9 d\u2019injection, et sont 100 % r\u00e9utilisables et recyclables.\",\"breadcrumb\":{\"@id\":\"https:\/\/elipsplastics.com\/fr\/#breadcrumb\"},\"inLanguage\":\"fr-FR\",\"potentialAction\":[{\"@type\":\"ReadAction\",\"target\":[\"https:\/\/elipsplastics.com\/fr\/\"]}]},{\"@type\":\"BreadcrumbList\",\"@id\":\"https:\/\/elipsplastics.com\/fr\/#breadcrumb\",\"itemListElement\":[{\"@type\":\"ListItem\",\"position\":1,\"name\":\"Accueil\",\"item\":\"https:\/\/elipsplastics.com\/fr\/\"},{\"@type\":\"ListItem\",\"position\":2,\"name\":\"Accueil\"}]},{\"@type\":\"WebSite\",\"@id\":\"https:\/\/elipsplastics.com\/fr\/#website\",\"url\":\"https:\/\/elipsplastics.com\/fr\/\",\"name\":\"elips - Le plastique repens\u00e9\",\"description\":\"\",\"publisher\":{\"@id\":\"https:\/\/elipsplastics.com\/fr\/#organization\"},\"potentialAction\":[{\"@type\":\"SearchAction\",\"target\":{\"@type\":\"EntryPoint\",\"urlTemplate\":\"https:\/\/elipsplastics.com\/fr\/?s={search_term_string}\"},\"query-input\":{\"@type\":\"PropertyValueSpecification\",\"valueRequired\":true,\"valueName\":\"search_term_string\"}}],\"inLanguage\":\"fr-FR\"},{\"@type\":\"Organization\",\"@id\":\"https:\/\/elipsplastics.com\/fr\/#organization\",\"name\":\"elips - Le plastique repens\u00e9\",\"url\":\"https:\/\/elipsplastics.com\/fr\/\",\"logo\":{\"@type\":\"ImageObject\",\"inLanguage\":\"fr-FR\",\"@id\":\"https:\/\/elipsplastics.com\/fr\/#\/schema\/logo\/image\/\",\"url\":\"https:\/\/elipsplastics.com\/wp-content\/uploads\/2025\/02\/elips_logo.png\",\"contentUrl\":\"https:\/\/elipsplastics.com\/wp-content\/uploads\/2025\/02\/elips_logo.png\",\"width\":594,\"height\":324,\"caption\":\"elips - Le plastique repens\u00e9\"},\"image\":{\"@id\":\"https:\/\/elipsplastics.com\/fr\/#\/schema\/logo\/image\/\"},\"sameAs\":[\"https:\/\/www.facebook.com\/Elipsplastics\",\"https:\/\/www.linkedin.com\/company\/elips-plastics\"]}]}<\/script>\n<!-- \/ Yoast SEO plugin. -->","yoast_head_json":{"title":"Elips | Le plastique repens\u00e9","description":"Elips est une entreprise pionni\u00e8re dans la conception et la fabrication d\u2019emballages alimentaires. Tous nos contenants alimentaires sont moul\u00e9s par un proc\u00e9d\u00e9 d\u2019injection, et sont 100 % r\u00e9utilisables et recyclables.","robots":{"index":"index","follow":"follow","max-snippet":"max-snippet:-1","max-image-preview":"max-image-preview:large","max-video-preview":"max-video-preview:-1"},"canonical":"https:\/\/elipsplastics.com\/fr\/","og_locale":"fr_FR","og_type":"article","og_title":"Elips | Le plastique repens\u00e9","og_description":"Elips est une entreprise pionni\u00e8re dans la conception et la fabrication d\u2019emballages alimentaires. Tous nos contenants alimentaires sont moul\u00e9s par un proc\u00e9d\u00e9 d\u2019injection, et sont 100 % r\u00e9utilisables et recyclables.","og_url":"https:\/\/elipsplastics.com\/fr\/","og_site_name":"elips - Le plastique repens\u00e9","article_publisher":"https:\/\/www.facebook.com\/Elipsplastics","article_modified_time":"2024-07-25T14:36:15+00:00","twitter_card":"summary_large_image","schema":{"@context":"https:\/\/schema.org","@graph":[{"@type":"WebPage","@id":"https:\/\/elipsplastics.com\/fr\/","url":"https:\/\/elipsplastics.com\/fr\/","name":"Elips | Le plastique repens\u00e9","isPartOf":{"@id":"https:\/\/elipsplastics.com\/fr\/#website"},"datePublished":"2021-01-18T05:01:38+00:00","dateModified":"2024-07-25T14:36:15+00:00","description":"Elips est une entreprise pionni\u00e8re dans la conception et la fabrication d\u2019emballages alimentaires. Tous nos contenants alimentaires sont moul\u00e9s par un proc\u00e9d\u00e9 d\u2019injection, et sont 100 % r\u00e9utilisables et recyclables.","breadcrumb":{"@id":"https:\/\/elipsplastics.com\/fr\/#breadcrumb"},"inLanguage":"fr-FR","potentialAction":[{"@type":"ReadAction","target":["https:\/\/elipsplastics.com\/fr\/"]}]},{"@type":"BreadcrumbList","@id":"https:\/\/elipsplastics.com\/fr\/#breadcrumb","itemListElement":[{"@type":"ListItem","position":1,"name":"Accueil","item":"https:\/\/elipsplastics.com\/fr\/"},{"@type":"ListItem","position":2,"name":"Accueil"}]},{"@type":"WebSite","@id":"https:\/\/elipsplastics.com\/fr\/#website","url":"https:\/\/elipsplastics.com\/fr\/","name":"elips - Le plastique repens\u00e9","description":"","publisher":{"@id":"https:\/\/elipsplastics.com\/fr\/#organization"},"potentialAction":[{"@type":"SearchAction","target":{"@type":"EntryPoint","urlTemplate":"https:\/\/elipsplastics.com\/fr\/?s={search_term_string}"},"query-input":{"@type":"PropertyValueSpecification","valueRequired":true,"valueName":"search_term_string"}}],"inLanguage":"fr-FR"},{"@type":"Organization","@id":"https:\/\/elipsplastics.com\/fr\/#organization","name":"elips - Le plastique repens\u00e9","url":"https:\/\/elipsplastics.com\/fr\/","logo":{"@type":"ImageObject","inLanguage":"fr-FR","@id":"https:\/\/elipsplastics.com\/fr\/#\/schema\/logo\/image\/","url":"https:\/\/elipsplastics.com\/wp-content\/uploads\/2025\/02\/elips_logo.png","contentUrl":"https:\/\/elipsplastics.com\/wp-content\/uploads\/2025\/02\/elips_logo.png","width":594,"height":324,"caption":"elips - Le plastique repens\u00e9"},"image":{"@id":"https:\/\/elipsplastics.com\/fr\/#\/schema\/logo\/image\/"},"sameAs":["https:\/\/www.facebook.com\/Elipsplastics","https:\/\/www.linkedin.com\/company\/elips-plastics"]}]}},"_links":{"self":[{"href":"https:\/\/elipsplastics.com\/fr\/wp-json\/wp\/v2\/pages\/10","targetHints":{"allow":["GET"]}}],"collection":[{"href":"https:\/\/elipsplastics.com\/fr\/wp-json\/wp\/v2\/pages"}],"about":[{"href":"https:\/\/elipsplastics.com\/fr\/wp-json\/wp\/v2\/types\/page"}],"author":[{"embeddable":true,"href":"https:\/\/elipsplastics.com\/fr\/wp-json\/wp\/v2\/users\/5"}],"replies":[{"embeddable":true,"href":"https:\/\/elipsplastics.com\/fr\/wp-json\/wp\/v2\/comments?post=10"}],"version-history":[{"count":34,"href":"https:\/\/elipsplastics.com\/fr\/wp-json\/wp\/v2\/pages\/10\/revisions"}],"predecessor-version":[{"id":1548,"href":"https:\/\/elipsplastics.com\/fr\/wp-json\/wp\/v2\/pages\/10\/revisions\/1548"}],"wp:attachment":[{"href":"https:\/\/elipsplastics.com\/fr\/wp-json\/wp\/v2\/media?parent=10"}],"curies":[{"name":"wp","href":"https:\/\/api.w.org\/{rel}","templated":true}]}}